{"id":45180,"date":"2021-08-27T06:36:47","date_gmt":"2021-08-27T04:36:47","guid":{"rendered":"https:\/\/welovemelodies.com\/auszahlung-angefordert\/"},"modified":"2024-09-04T16:58:51","modified_gmt":"2024-09-04T14:58:51","slug":"request-payout","status":"publish","type":"page","link":"https:\/\/welovemelodies.com\/de\/request-payout\/","title":{"rendered":"Auszahlung angefordert"},"content":{"rendered":"\t\t<div data-elementor-type=\"wp-page\" data-elementor-id=\"45180\" class=\"elementor elementor-45180 elementor-30945\" data-elementor-post-type=\"page\">\n\t\t\t\t\t\t<\/div>\n\t\t","protected":false},"excerpt":{"rendered":"<p>Auszahlung beantragt Die beantragte Auszahlung wird am ersten Tag des n\u00e4chsten Quartals auf Ihr Bankkonto \u00fcberwiesen. Wenn Sie den angeforderten Betrag nicht innerhalb des n\u00e4chsten Quartals erhalten, nehmen Sie bitte Kontakt mit uns auf. Dashboard Shares verteilen Backend K\u00fcnstlerliste<\/p>\n","protected":false},"author":2,"featured_media":0,"parent":0,"menu_order":0,"comment_status":"closed","ping_status":"closed","template":"","meta":{"_acf_changed":false,"_angie_page":false,"inline_featured_image":false,"footnotes":""},"class_list":["post-45180","page","type-page","status-publish","hentry"],"acf":[],"_links":{"self":[{"href":"https:\/\/welovemelodies.com\/de\/wp-json\/wp\/v2\/pages\/45180","targetHints":{"allow":["GET"]}}],"collection":[{"href":"https:\/\/welovemelodies.com\/de\/wp-json\/wp\/v2\/pages"}],"about":[{"href":"https:\/\/welovemelodies.com\/de\/wp-json\/wp\/v2\/types\/page"}],"author":[{"embeddable":true,"href":"https:\/\/welovemelodies.com\/de\/wp-json\/wp\/v2\/users\/2"}],"replies":[{"embeddable":true,"href":"https:\/\/welovemelodies.com\/de\/wp-json\/wp\/v2\/comments?post=45180"}],"version-history":[{"count":0,"href":"https:\/\/welovemelodies.com\/de\/wp-json\/wp\/v2\/pages\/45180\/revisions"}],"wp:attachment":[{"href":"https:\/\/welovemelodies.com\/de\/wp-json\/wp\/v2\/media?parent=45180"}],"curies":[{"name":"wp","href":"https:\/\/api.w.org\/{rel}","templated":true}]}}