{"id":45331,"date":"2023-03-10T10:42:11","date_gmt":"2023-03-10T09:42:11","guid":{"rendered":"https:\/\/welovemelodies.com\/marina-zettl\/"},"modified":"2024-09-18T16:49:19","modified_gmt":"2024-09-18T14:49:19","slug":"marina-zettl","status":"publish","type":"page","link":"https:\/\/welovemelodies.com\/de\/marina-zettl\/","title":{"rendered":"Marina Zettl"},"content":{"rendered":"\t\t<div data-elementor-type=\"wp-post\" data-elementor-id=\"45331\" class=\"elementor elementor-45331 elementor-37985\" data-elementor-post-type=\"page\">\n\t\t\t\t<div class=\"elementor-element elementor-element-376fb64 e-flex e-con-boxed e-con e-parent\" data-id=\"376fb64\" data-element_type=\"container\" data-e-type=\"container\">\n\t\t\t\t\t<div class=\"e-con-inner\">\n\t\t<div class=\"elementor-element elementor-element-5494e1a e-con-full e-flex e-con e-child\" data-id=\"5494e1a\" data-element_type=\"container\" data-e-type=\"container\">\n\t\t\t\t<div class=\"elementor-element elementor-element-b7a6f3a elementor-widget elementor-widget-image\" data-id=\"b7a6f3a\" data-element_type=\"widget\" data-e-type=\"widget\" data-widget_type=\"image.default\">\n\t\t\t\t<div class=\"elementor-widget-container\">\n\t\t\t\t\t\t\t\t\t\t\t\t\t\t\t<img fetchpriority=\"high\" decoding=\"async\" width=\"1024\" height=\"1024\" src=\"https:\/\/welovemelodies.com\/wp-content\/uploads\/2024\/09\/MarinaZettl_Portrait19-2small_BW-1-1024x1024-1.jpg\" class=\"attachment-large size-large wp-image-45266\" alt=\"\" \/>\t\t\t\t\t\t\t\t\t\t\t\t\t\t\t<\/div>\n\t\t\t\t<\/div>\n\t\t\t\t<\/div>\n\t\t<div class=\"elementor-element elementor-element-d6b8606 e-con-full e-flex e-con e-child\" data-id=\"d6b8606\" data-element_type=\"container\" data-e-type=\"container\">\n\t\t\t\t<div class=\"elementor-element elementor-element-c9f8675 elementor-widget elementor-widget-heading\" data-id=\"c9f8675\" data-element_type=\"widget\" data-e-type=\"widget\" data-widget_type=\"heading.default\">\n\t\t\t\t<div class=\"elementor-widget-container\">\n\t\t\t\t\t<h1 class=\"elementor-heading-title elementor-size-default\">Marina Zettl<\/h1>\t\t\t\t<\/div>\n\t\t\t\t<\/div>\n\t\t\t\t<div class=\"elementor-element elementor-element-d3a5e99 elementor-widget elementor-widget-heading\" data-id=\"d3a5e99\" data-element_type=\"widget\" data-e-type=\"widget\" data-widget_type=\"heading.default\">\n\t\t\t\t<div class=\"elementor-widget-container\">\n\t\t\t\t\t<h2 class=\"elementor-heading-title elementor-size-default\">K\u00fcnstlerin, S\u00e4ngerin &amp; Songwriterin bei welovemelodies<\/h2>\t\t\t\t<\/div>\n\t\t\t\t<\/div>\n\t\t\t\t<div class=\"elementor-element elementor-element-a3f7ef7 elementor-widget elementor-widget-text-editor\" data-id=\"a3f7ef7\" data-element_type=\"widget\" data-e-type=\"widget\" data-widget_type=\"text-editor.default\">\n\t\t\t\t<div class=\"elementor-widget-container\">\n\t\t\t\t\t\t\t\t\tMarina Zettl ist die S\u00e4ngerin und Leaderin von MARINA &amp; THE KATS. Mit ihrem Markenzeichen #sharedrums (drei der vier Bandmitglieder*innen spielen Schlagzeug) hat die Band aus Wien einen absolut einzigartigen Sound geschaffen. In den letzten Jahren hat Marina anderen K\u00fcnstler*innen dabei geholfen, ihre Musik zu verbreiten. Sie liebt es, neue Ver\u00f6ffentlichungen zu planen, Videodrehs zu organisieren und Teil des kreativen Prozesses zu sein. Im Moment ist sie stolz darauf, 2024 ein neues Musikfestival in Wien mit dem Namen OPEN JAZZ VIENNA ins Leben gerufen zu haben und dies mit Kolleg*innen zu organisieren und zu programmieren.     \t\t\t\t\t\t\t\t<\/div>\n\t\t\t\t<\/div>\n\t\t<div class=\"elementor-element elementor-element-5562344 e-con-full e-flex e-con e-child\" data-id=\"5562344\" data-element_type=\"container\" data-e-type=\"container\">\n\t\t<div class=\"elementor-element elementor-element-56d0194 e-con-full e-flex e-con e-child\" data-id=\"56d0194\" data-element_type=\"container\" data-e-type=\"container\">\n\t\t\t\t<div class=\"elementor-element elementor-element-fe2b2df elementor-widget elementor-widget-heading\" data-id=\"fe2b2df\" data-element_type=\"widget\" data-e-type=\"widget\" data-widget_type=\"heading.default\">\n\t\t\t\t<div class=\"elementor-widget-container\">\n\t\t\t\t\t<p class=\"elementor-heading-title elementor-size-default\">Genres<\/p>\t\t\t\t<\/div>\n\t\t\t\t<\/div>\n\t\t\t\t<\/div>\n\t\t<div class=\"elementor-element elementor-element-3657433 e-con-full e-flex e-con e-child\" data-id=\"3657433\" data-element_type=\"container\" data-e-type=\"container\">\n\t\t\t\t<div class=\"elementor-element elementor-element-42d97d1 elementor-widget elementor-widget-heading\" data-id=\"42d97d1\" data-element_type=\"widget\" data-e-type=\"widget\" data-widget_type=\"heading.default\">\n\t\t\t\t<div class=\"elementor-widget-container\">\n\t\t\t\t\t<p class=\"elementor-heading-title elementor-size-default\">Jazz, Indie, Pop<\/p>\t\t\t\t<\/div>\n\t\t\t\t<\/div>\n\t\t\t\t<\/div>\n\t\t\t\t<\/div>\n\t\t<div class=\"elementor-element elementor-element-7ce5201 e-con-full e-flex e-con e-child\" data-id=\"7ce5201\" data-element_type=\"container\" data-e-type=\"container\">\n\t\t<div class=\"elementor-element elementor-element-6a0eb4a e-con-full e-flex e-con e-child\" data-id=\"6a0eb4a\" data-element_type=\"container\" data-e-type=\"container\">\n\t\t\t\t<div class=\"elementor-element elementor-element-29a6ae7 elementor-widget elementor-widget-heading\" data-id=\"29a6ae7\" data-element_type=\"widget\" data-e-type=\"widget\" data-widget_type=\"heading.default\">\n\t\t\t\t<div class=\"elementor-widget-container\">\n\t\t\t\t\t<p class=\"elementor-heading-title elementor-size-default\">F\u00e4higkeiten<\/p>\t\t\t\t<\/div>\n\t\t\t\t<\/div>\n\t\t\t\t<\/div>\n\t\t<div class=\"elementor-element elementor-element-b3b22be e-con-full e-flex e-con e-child\" data-id=\"b3b22be\" data-element_type=\"container\" data-e-type=\"container\">\n\t\t\t\t<div class=\"elementor-element elementor-element-dc3b428 elementor-widget elementor-widget-heading\" data-id=\"dc3b428\" data-element_type=\"widget\" data-e-type=\"widget\" data-widget_type=\"heading.default\">\n\t\t\t\t<div class=\"elementor-widget-container\">\n\t\t\t\t\t<p class=\"elementor-heading-title elementor-size-default\">S\u00e4ngerin, Toplines, K\u00fcnstlerentwicklung &amp; Beratung<\/p>\t\t\t\t<\/div>\n\t\t\t\t<\/div>\n\t\t\t\t<\/div>\n\t\t\t\t<\/div>\n\t\t<div class=\"elementor-element elementor-element-da1ab04 e-con-full e-flex e-con e-child\" data-id=\"da1ab04\" data-element_type=\"container\" data-e-type=\"container\">\n\t\t<div class=\"elementor-element elementor-element-1c9420b e-con-full e-flex e-con e-child\" data-id=\"1c9420b\" data-element_type=\"container\" data-e-type=\"container\">\n\t\t\t\t<div class=\"elementor-element elementor-element-c95cc01 elementor-widget elementor-widget-heading\" data-id=\"c95cc01\" data-element_type=\"widget\" data-e-type=\"widget\" data-widget_type=\"heading.default\">\n\t\t\t\t<div class=\"elementor-widget-container\">\n\t\t\t\t\t<p class=\"elementor-heading-title elementor-size-default\">Kontakt<\/p>\t\t\t\t<\/div>\n\t\t\t\t<\/div>\n\t\t\t\t<\/div>\n\t\t<div class=\"elementor-element elementor-element-3bf8f1d e-con-full e-flex e-con e-child\" data-id=\"3bf8f1d\" data-element_type=\"container\" data-e-type=\"container\">\n\t\t\t\t<div class=\"elementor-element elementor-element-47fb396 elementor-widget elementor-widget-heading\" data-id=\"47fb396\" data-element_type=\"widget\" data-e-type=\"widget\" data-widget_type=\"heading.default\">\n\t\t\t\t<div class=\"elementor-widget-container\">\n\t\t\t\t\t<p class=\"elementor-heading-title elementor-size-default\"><a href=\"mailto:marina@welovemelodies.com\">marina@welovemelodies.com<\/a><\/p>\t\t\t\t<\/div>\n\t\t\t\t<\/div>\n\t\t\t\t<\/div>\n\t\t\t\t<\/div>\n\t\t\t\t<\/div>\n\t\t\t\t\t<\/div>\n\t\t\t\t<\/div>\n\t\t<div class=\"elementor-element elementor-element-a9c4176 e-flex e-con-boxed e-con e-parent\" data-id=\"a9c4176\" data-element_type=\"container\" data-e-type=\"container\">\n\t\t\t\t\t<div class=\"e-con-inner\">\n\t\t\t\t<div class=\"elementor-element elementor-element-501a8eb elementor-widget elementor-widget-heading\" data-id=\"501a8eb\" data-element_type=\"widget\" data-e-type=\"widget\" data-widget_type=\"heading.default\">\n\t\t\t\t<div class=\"elementor-widget-container\">\n\t\t\t\t\t<h2 class=\"elementor-heading-title elementor-size-default\">Referenzen<\/h2>\t\t\t\t<\/div>\n\t\t\t\t<\/div>\n\t\t\t\t<div class=\"elementor-element elementor-element-4dc5d36 elementor-widget-divider--view-line elementor-widget elementor-widget-divider\" data-id=\"4dc5d36\" data-element_type=\"widget\" data-e-type=\"widget\" data-widget_type=\"divider.default\">\n\t\t\t\t<div class=\"elementor-widget-container\">\n\t\t\t\t\t\t\t<div class=\"elementor-divider\">\n\t\t\t<span class=\"elementor-divider-separator\">\n\t\t\t\t\t\t<\/span>\n\t\t<\/div>\n\t\t\t\t\t\t<\/div>\n\t\t\t\t<\/div>\n\t\t\t\t\t<\/div>\n\t\t\t\t<\/div>\n\t\t<div class=\"elementor-element elementor-element-a656804 e-flex e-con-boxed e-con e-parent\" data-id=\"a656804\" data-element_type=\"container\" data-e-type=\"container\">\n\t\t\t\t\t<div class=\"e-con-inner\">\n\t\t<div class=\"elementor-element elementor-element-16be002 e-con-full e-flex e-con e-child\" data-id=\"16be002\" data-element_type=\"container\" data-e-type=\"container\">\n\t\t\t\t<div class=\"elementor-element elementor-element-e15b92a elementor-widget elementor-widget-video\" data-id=\"e15b92a\" data-element_type=\"widget\" data-e-type=\"widget\" data-settings=\"{&quot;youtube_url&quot;:&quot;https:\\\/\\\/youtu.be\\\/wjHaMImJTB8?si=f3sbSvoE1j0Q010F&quot;,&quot;video_type&quot;:&quot;youtube&quot;}\" data-widget_type=\"video.default\">\n\t\t\t\t<div class=\"elementor-widget-container\">\n\t\t\t\t\t\t\t<div class=\"elementor-wrapper elementor-open-inline\">\n\t\t\t<div class=\"elementor-video\"><\/div>\t\t<\/div>\n\t\t\t\t\t\t<\/div>\n\t\t\t\t<\/div>\n\t\t\t\t<\/div>\n\t\t<div class=\"elementor-element elementor-element-bc160a9 e-con-full e-flex e-con e-child\" data-id=\"bc160a9\" data-element_type=\"container\" data-e-type=\"container\">\n\t\t\t\t<div class=\"elementor-element elementor-element-b205b1d elementor-widget elementor-widget-video\" data-id=\"b205b1d\" data-element_type=\"widget\" data-e-type=\"widget\" data-settings=\"{&quot;youtube_url&quot;:&quot;https:\\\/\\\/www.youtube.com\\\/watch?v=09f8S5YFkQY&quot;,&quot;video_type&quot;:&quot;youtube&quot;}\" data-widget_type=\"video.default\">\n\t\t\t\t<div class=\"elementor-widget-container\">\n\t\t\t\t\t\t\t<div class=\"elementor-wrapper elementor-open-inline\">\n\t\t\t<div class=\"elementor-video\"><\/div>\t\t<\/div>\n\t\t\t\t\t\t<\/div>\n\t\t\t\t<\/div>\n\t\t\t\t<\/div>\n\t\t\t\t\t<\/div>\n\t\t\t\t<\/div>\n\t\t<div class=\"elementor-element elementor-element-e3f4b80 e-flex e-con-boxed e-con e-parent\" data-id=\"e3f4b80\" data-element_type=\"container\" data-e-type=\"container\" data-settings=\"{&quot;background_background&quot;:&quot;classic&quot;}\">\n\t\t\t\t\t<div class=\"e-con-inner\">\n\t\t\t\t<div class=\"elementor-element elementor-element-fe0e6b1 elementor-widget elementor-widget-text-editor\" data-id=\"fe0e6b1\" data-element_type=\"widget\" data-e-type=\"widget\" data-widget_type=\"text-editor.default\">\n\t\t\t\t<div class=\"elementor-widget-container\">\n\t\t\t\t\t\t\t\t\t<p>we love melodies &#8211; that&#8217;s what we do honey<\/p>\n\t\t\t\t\t\t\t\t<\/div>\n\t\t\t\t<\/div>\n\t\t\t\t<div class=\"elementor-element elementor-element-3ec0d64 elementor-widget__width-initial elementor-widget elementor-widget-heading\" data-id=\"3ec0d64\" data-element_type=\"widget\" data-e-type=\"widget\" data-widget_type=\"heading.default\">\n\t\t\t\t<div class=\"elementor-widget-container\">\n\t\t\t\t\t<h2 class=\"elementor-heading-title elementor-size-default\">Besondere Lieder entstehen, wenn sich ganz besondere Menschen finden<\/h2>\t\t\t\t<\/div>\n\t\t\t\t<\/div>\n\t\t\t\t<div class=\"elementor-element elementor-element-18a0efb elementor-align-center elementor-widget elementor-widget-button\" data-id=\"18a0efb\" data-element_type=\"widget\" data-e-type=\"widget\" data-widget_type=\"button.default\">\n\t\t\t\t<div class=\"elementor-widget-container\">\n\t\t\t\t\t\t\t\t\t<div class=\"elementor-button-wrapper\">\n\t\t\t\t\t<a class=\"elementor-button elementor-button-link elementor-size-sm\" href=\"https:\/\/welovemelodies.com\/de\/songs\/\">\n\t\t\t\t\t\t<span class=\"elementor-button-content-wrapper\">\n\t\t\t\t\t\t<span class=\"elementor-button-icon\">\n\t\t\t\t<svg xmlns=\"http:\/\/www.w3.org\/2000\/svg\" width=\"25.735\" height=\"18.763\" viewBox=\"0 0 25.735 18.763\"><g id=\"Gruppe_87\" data-name=\"Gruppe 87\" transform=\"translate(-173.5 -693.146)\"><path id=\"Pfad_1\" data-name=\"Pfad 1\" d=\"M172.969,724.749h24.26\" transform=\"translate(0.531 -22.249)\" fill=\"none\" stroke=\"#151515\" stroke-width=\"1\"><\/path><path id=\"Pfad_2\" data-name=\"Pfad 2\" d=\"M189.072,715.466l9.028,9.028-9.028,9.028\" transform=\"translate(0.428 -21.966)\" fill=\"none\" stroke=\"#151515\" stroke-width=\"1\"><\/path><\/g><\/svg>\t\t\t<\/span>\n\t\t\t\t\t\t\t\t\t<span class=\"elementor-button-text\">H\u00f6r dir unsere Songs an<\/span>\n\t\t\t\t\t<\/span>\n\t\t\t\t\t<\/a>\n\t\t\t\t<\/div>\n\t\t\t\t\t\t\t\t<\/div>\n\t\t\t\t<\/div>\n\t\t\t\t\t<\/div>\n\t\t\t\t<\/div>\n\t\t\t\t<\/div>\n\t\t","protected":false},"excerpt":{"rendered":"<p>Marina Zettl K\u00fcnstlerin, S\u00e4ngerin &amp; Songwriterin bei welovemelodies Marina Zettl ist die S\u00e4ngerin und Leaderin von MARINA &amp; THE KATS. Mit ihrem Markenzeichen #sharedrums (drei der vier Bandmitglieder*innen spielen Schlagzeug) hat die Band aus Wien einen absolut einzigartigen Sound geschaffen. In den letzten Jahren hat Marina anderen K\u00fcnstler*innen dabei geholfen, ihre Musik zu verbreiten. Sie [&hellip;]<\/p>\n","protected":false},"author":1,"featured_media":0,"parent":0,"menu_order":58,"comment_status":"closed","ping_status":"closed","template":"","meta":{"_acf_changed":false,"_angie_page":false,"inline_featured_image":false,"footnotes":""},"class_list":["post-45331","page","type-page","status-publish","hentry"],"acf":[],"_links":{"self":[{"href":"https:\/\/welovemelodies.com\/de\/wp-json\/wp\/v2\/pages\/45331","targetHints":{"allow":["GET"]}}],"collection":[{"href":"https:\/\/welovemelodies.com\/de\/wp-json\/wp\/v2\/pages"}],"about":[{"href":"https:\/\/welovemelodies.com\/de\/wp-json\/wp\/v2\/types\/page"}],"author":[{"embeddable":true,"href":"https:\/\/welovemelodies.com\/de\/wp-json\/wp\/v2\/users\/1"}],"replies":[{"embeddable":true,"href":"https:\/\/welovemelodies.com\/de\/wp-json\/wp\/v2\/comments?post=45331"}],"version-history":[{"count":8,"href":"https:\/\/welovemelodies.com\/de\/wp-json\/wp\/v2\/pages\/45331\/revisions"}],"predecessor-version":[{"id":45617,"href":"https:\/\/welovemelodies.com\/de\/wp-json\/wp\/v2\/pages\/45331\/revisions\/45617"}],"wp:attachment":[{"href":"https:\/\/welovemelodies.com\/de\/wp-json\/wp\/v2\/media?parent=45331"}],"curies":[{"name":"wp","href":"https:\/\/api.w.org\/{rel}","templated":true}]}}