{"id":45684,"date":"2024-10-07T16:31:39","date_gmt":"2024-10-07T14:31:39","guid":{"rendered":"https:\/\/welovemelodies.com\/spende\/"},"modified":"2025-10-15T16:10:38","modified_gmt":"2025-10-15T14:10:38","slug":"spende","status":"publish","type":"page","link":"https:\/\/welovemelodies.com\/de\/spende\/","title":{"rendered":"Spende"},"content":{"rendered":"\t\t<div data-elementor-type=\"wp-page\" data-elementor-id=\"45684\" class=\"elementor elementor-45684 elementor-45669\" data-elementor-post-type=\"page\">\n\t\t\t\t<div class=\"elementor-element elementor-element-e1906c3 e-flex e-con-boxed e-con e-parent\" data-id=\"e1906c3\" data-element_type=\"container\" data-e-type=\"container\" data-settings=\"{&quot;background_background&quot;:&quot;classic&quot;}\">\n\t\t\t\t\t<div class=\"e-con-inner\">\n\t\t<div class=\"elementor-element elementor-element-476c4ab e-con-full e-flex e-con e-child\" data-id=\"476c4ab\" data-element_type=\"container\" data-e-type=\"container\">\n\t\t\t\t<div class=\"elementor-element elementor-element-30b7492 elementor-widget elementor-widget-heading\" data-id=\"30b7492\" data-element_type=\"widget\" data-e-type=\"widget\" data-widget_type=\"heading.default\">\n\t\t\t\t<div class=\"elementor-widget-container\">\n\t\t\t\t\t<h1 class=\"elementor-heading-title elementor-size-default\">spenden<\/h1>\t\t\t\t<\/div>\n\t\t\t\t<\/div>\n\t\t\t\t<div class=\"elementor-element elementor-element-65b3955 elementor-widget elementor-widget-shortcode\" data-id=\"65b3955\" data-element_type=\"widget\" data-e-type=\"widget\" data-widget_type=\"shortcode.default\">\n\t\t\t\t<div class=\"elementor-widget-container\">\n\t\t\t\t\t\t\t<div class=\"elementor-shortcode\">\t\t\t\t\t<script src=\"https:\/\/www.google.com\/recaptcha\/api.js?render=6LcYWFoqAAAAABdM8fb3lSvJj19dsYsHes-WMVwd\"><\/script>\n\t\t\t\t\t<script>\n\t\t\t\t\t\tfunction onSubmitDmm(e) {\n\t\t\t\t\t\t\te.preventDefault();\n\t\t\t\t\t\t\tgrecaptcha.ready(function() {\n\t\t\t\t\t\t\t\tgrecaptcha.execute(\"6LcYWFoqAAAAABdM8fb3lSvJj19dsYsHes-WMVwd\", {action: \"submit\"}).then(function(token) {\n\t\t\t\t\t\t\t\t\tdocument.getElementById(\"dmm_token\").value = token;\n\t\t\t\t\t\t\t\t\tdocument.getElementById(\"dmm_form\").submit();\n\t\t\t\t\t\t\t\t});\n\t\t\t\t\t\t\t});\n\t\t\t\t\t\t}\n\t\t\t\t\t<\/script>\n\t\t\t\t\t                <form id=\"dmm_form\" action=\"\/de\/wp-json\/wp\/v2\/pages\/45684\"\n                      class=\"\" method=\"post\">\n                    \n                                            <input type=\"hidden\" name=\"dmm_recurring_interval\" value=\"one\">\n                    \n                                            <p>\n                            <label for=\"dmm_name\">Name<span style=\"color:red;\">*<\/span><\/label>\n                            <input type=\"text\"\n                                   id=\"dmm_name\"\n                                   name=\"dmm_name\"\n                                   class=\"\"\n                                   value=\"\"\n                                   style=\"width: 100%\">\n                        <\/p>\n                    \n                    \n                                            <p>\n                            <label for=\"dmm_email\">E-Mail-Adresse<span style=\"color:red;\">*<\/span><\/label>\n                            <input type=\"email\"\n                                   id=\"dmm_email\"\n                                   name=\"dmm_email\"\n                                   class=\"\"\n                                   value=\"\"\n                                   style=\"width: 100%\">\n                        <\/p>\n                    \n                    \n                    \n                    \n                                            <p>\n                            <label for=\"dmm_message\">Nachricht<\/label>\n                            <textarea id=\"dmm_message\"\n                                      name=\"dmm_message\"\n                                      class=\"\"\n                                      rows=\"5\"\n                                      style=\"width: 100%\"><\/textarea>\n                        <\/p>\n                    \n                    <p>\n                        <input type=\"hidden\" name=\"dmm_currency\" id=\"dmm_currency\" value=\"EUR\"><label for=\"dmm_amount\">Betrag (<span id=\"dmm_currency_symbol\"><\/span>) <span style=\"color:red;\">*<\/span><\/label><span style=\"display:block;overflow:auto;\">\n                                  <input type=\"number\" step=\"any\" min=\"1\" id=\"dmm_amount\" name=\"dmm_amount\" class=\"\" value=\"\" style=\"width: 100%;float:left;\"><\/span>                    <\/p> <br><br>\n\n                    <p>\n        <script>\n        function dmm_multicurrency_methods(value) {\n            let dmm_currencies = {\"AED\":\"AED\",\"AUD\":\"AUD\",\"BGN\":\"BGN\",\"CAD\":\"CAD\",\"CHF\":\"CHF\",\"CZK\":\"CZK\",\"DKK\":\"DKK\",\"EUR\":\"&euro;\",\"GBP\":\"&pound;\",\"HKD\":\"HKD\",\"HRK\":\"HRK\",\"HUF\":\"HUF\",\"ILS\":\"ILS\",\"ISK\":\"ISK\",\"JPY\":\"&yen;\",\"NOK\":\"NOK\",\"NZD\":\"NZD\",\"PHP\":\"PHP\",\"PLN\":\"PLN\",\"RON\":\"RON\",\"RUB\":\"RUB\",\"SEK\":\"SEK\",\"SGD\":\"SGD\",\"USD\":\"US$\",\"ZAR\":\"ZAR\"};\n            document.getElementById(\"dmm_currency_symbol\").innerHTML = dmm_currencies[value];\n            \n            let x = document.getElementsByClassName(\"dmm_nomc\");\n            for (let i = 0; i < x.length; i++) {\n                x[i].style.display = (value!=\"EUR\" ? \"none\" : \"block\");\n                x[i].disabled = (value!=\"EUR\" ? \"disabled\" : \"\");\n            }\n        }\n        <\/script><label class=\"dmm_cc dmm_mc\"><input type=\"radio\" name=\"dmm_method\" value=\"creditcard\" checked> <img decoding=\"async\" style=\"vertical-align:middle;display:inline-block\" src=\"https:\/\/www.mollie.com\/external\/icons\/payment-methods\/creditcard.png\"> Card<br><\/label><label class=\"dmm_recurring dmm_mc\"><input type=\"radio\" name=\"dmm_method\" value=\"paypal\" > <img decoding=\"async\" style=\"vertical-align:middle;display:inline-block\" src=\"https:\/\/www.mollie.com\/external\/icons\/payment-methods\/paypal.png\"> PayPal<br><\/label><label class=\"dmm_dd dmm_nomc\"><input type=\"radio\" name=\"dmm_method\" value=\"eps\" > <img decoding=\"async\" style=\"vertical-align:middle;display:inline-block\" src=\"https:\/\/www.mollie.com\/external\/icons\/payment-methods\/eps.png\"> eps<br><\/label><\/p>\n\n                    <br><br>\n                    <script>\n                        window.onload = function () {\n                            var dmm_dd = document.getElementById('dmm_dd');\n                            if (dmm_dd !== null) {\n                                if (dmm_dd.value !== '--') {\n                                    document.getElementById('dmm_amount').value = document.getElementById('dmm_dd').value.replace(',', '.');\n                                    document.getElementById('dmm_amount').style.display = 'none';\n                                }\n                            }\n                                                        dmm_multicurrency_methods(document.getElementById('dmm_currency').value);\n                        }\n                    <\/script>\n                    <label for=\"dmm_permission_field\" id=\"dmm_permission\" style=\"display:none\">\n\t                    <input type=\"checkbox\" id=\"dmm_permission_field\" name=\"dmm_permission\">\n\t                    Hiermit erm\u00e4chtige ich  den oben angezeigten Betrag   in regelm\u00e4\u00dfigen Abst\u00e4nden von meinem Konto abzubuchen.                     <\/label>\n\n                                            <p>\n                            <label for=\"dmm_gdpr\"><input type=\"checkbox\" id=\"dmm_gdpr\" name=\"dmm_gdpr\">\n                                I hereby agree to the                                <a target=\"_blank\" href=\"https:\/\/welovemelodies.com\/imprint\/\">\n                                    Datenschutzerkl\u00e4rung                                <\/a>\n                            <\/label>\n\n                        <\/p>\n                    \n                    \n\t                \t\t                <input type=\"hidden\" id=\"dmm_token\" name=\"dmm_token\" value=\"\">\n\t\t                <input type=\"hidden\" name=\"dmm_submitted\" value=\"1\">\n\t\t                <input type=\"button\" class=\"\"\n\t\t                       onclick=\"onSubmitDmm(event)\" data-action=\"submit\"\n\t\t                       value=\"Jetzt spenden\">\n\t                \n                <\/form>\n                <\/div>\n\t\t\t\t\t\t<\/div>\n\t\t\t\t<\/div>\n\t\t\t\t<\/div>\n\t\t\t\t\t<\/div>\n\t\t\t\t<\/div>\n\t\t\t\t<\/div>\n\t\t","protected":false},"excerpt":{"rendered":"<p>spenden<\/p>\n","protected":false},"author":1,"featured_media":0,"parent":0,"menu_order":0,"comment_status":"closed","ping_status":"closed","template":"","meta":{"_acf_changed":false,"_angie_page":false,"inline_featured_image":false,"footnotes":""},"class_list":["post-45684","page","type-page","status-publish","hentry"],"acf":[],"_links":{"self":[{"href":"https:\/\/welovemelodies.com\/de\/wp-json\/wp\/v2\/pages\/45684","targetHints":{"allow":["GET"]}}],"collection":[{"href":"https:\/\/welovemelodies.com\/de\/wp-json\/wp\/v2\/pages"}],"about":[{"href":"https:\/\/welovemelodies.com\/de\/wp-json\/wp\/v2\/types\/page"}],"author":[{"embeddable":true,"href":"https:\/\/welovemelodies.com\/de\/wp-json\/wp\/v2\/users\/1"}],"replies":[{"embeddable":true,"href":"https:\/\/welovemelodies.com\/de\/wp-json\/wp\/v2\/comments?post=45684"}],"version-history":[{"count":0,"href":"https:\/\/welovemelodies.com\/de\/wp-json\/wp\/v2\/pages\/45684\/revisions"}],"wp:attachment":[{"href":"https:\/\/welovemelodies.com\/de\/wp-json\/wp\/v2\/media?parent=45684"}],"curies":[{"name":"wp","href":"https:\/\/api.w.org\/{rel}","templated":true}]}}